{"id":618,"date":"2025-12-10T11:02:07","date_gmt":"2025-12-10T10:02:07","guid":{"rendered":"https:\/\/dev.weltgrundag.com\/?page_id=618"},"modified":"2025-12-31T00:31:06","modified_gmt":"2025-12-30T23:31:06","slug":"aviso-legal","status":"publish","type":"page","link":"https:\/\/weltgrundag.com\/es\/aviso-legal\/","title":{"rendered":"Aviso legal"},"content":{"rendered":"<section id=\"das_naturparadies\" class=\"bde-section-618-102 bde-section\">\n  \n  \n\t\n\n\n\n<div class=\"section-container\"><div class=\"bde-div-618-103 bde-div wrapper-spacer\">\n  \n  \n\t\n\n\n\n<div class=\"bde-div-618-104 bde-div wrapper_heading\">\n  \n  \n\t\n\n\n\n<h2 class=\"bde-heading-618-105 bde-heading\">\nwww.weltgrundag.com\n<\/h2><h1 class=\"bde-heading-618-116 bde-heading\">\nAviso legal\n<\/h1>\n<\/div><div class=\"bde-rich-text-618-115 bde-rich-text breakdance-rich-text-styles\">\n<h3 class=\"p1\">editor<\/h3>\n<p class=\"p1\">Weltgrund AG<br \/>Calle Lerzen 24<br \/>8953 Dietikon<br \/>Suiza<\/p>\n<p>\u00a0<\/p>\n<h3 class=\"p2\">Contacto<\/h3>\n<p class=\"p2\">Correo electr\u00f3nico: info@weltgrundag.com<br \/>Web: www.weltgrundag.com<\/p>\n<p class=\"p2\">Hajo Bentzien<br \/><a href=\"mailto:hajo@weltgrundag.com\">hajo@weltgrundag.com<\/a><br \/>+56 9 9455 7065<br \/><br \/>Beate Knust-Bentzien<br \/><a href=\"mailto:beate@weltgrundag.com\">beate@weltgrundag.com<\/a><br \/>+56 9 9455 7061<\/p>\n<p>\u00a0<\/p>\n<h3 class=\"p1\">Exenci\u00f3n de responsabilidad<\/h3>\n<p class=\"p2\">Todo el contenido de este sitio web ha sido revisado cuidadosamente. Sin embargo, no se garantiza la exactitud, integridad o actualidad de la informaci\u00f3n. No se asume ninguna responsabilidad por el contenido de los enlaces externos; los responsables son exclusivamente sus operadores.<\/p>\n<p>\u00a0<\/p>\n<h3 class=\"p1\">derechos de autor<\/h3>\n<p class=\"p2\">Todo el contenido (textos, im\u00e1genes, gr\u00e1ficos) de este sitio web est\u00e1 protegido por derechos de autor y no puede utilizarse sin autorizaci\u00f3n por escrito. Icono en la p\u00e1gina de inicio de <a href=\"https:\/\/thenounproject.com\/creator\/Lara.Skosyrska\">Larisa Skosyrska a trav\u00e9s de Noun Project.<\/a>\u00a0Escritura <a href=\"https:\/\/rsms.me\/work\/inter\/\">Inter de Rasmus Andersson<\/a>.<\/p>\n<p>\u00a0<\/p>\n<h3 class=\"p1\">sitio web<\/h3>\n<p class=\"p2\"><a href=\"https:\/\/www.symforma.design\/\" target=\"_blank\" rel=\"noopener\">Symforma | Sociedad An\u00f3nima de Dise\u00f1o<\/a><\/p>\n<\/div>\n<\/div><\/div>\n<\/section>","protected":false},"excerpt":{"rendered":"<p>www.weltgrundag.com Impressum Herausgeber Weltgrund AGLerzenstrasse 248953 DietikonSchweiz \u00a0 Kontakt E-Mail: info@weltgrundag.comWeb: www.weltgrundag.com Hajo Bentzienhajo@weltgrundag.com+56 9 9455 7065Beate Knust-Bentzienbeate@weltgrundag.com+56 9 9455 7061 \u00a0 Haftungsausschluss Alle Inhalte dieser Website wurden sorgf\u00e4ltig gepr\u00fcft. Es wird jedoch keine Gew\u00e4hr f\u00fcr die Richtigkeit, Vollst\u00e4ndigkeit oder Aktualit\u00e4t der Informationen \u00fcbernommen. F\u00fcr Inhalte externer Links wird keine Haftung \u00fcbernommen; verantwortlich sind ausschliesslich [&hellip;]<\/p>","protected":false},"author":1,"featured_media":0,"parent":0,"menu_order":0,"comment_status":"closed","ping_status":"closed","template":"","meta":{"_acf_changed":false,"slim_seo":{"noindex":"1","title":"Impressum - Fundo Laguna Blanca","description":"www.weltgrundag.com Aviso legal Editor Weltgrund AG Lerzenstrasse 24 8953 Dietikon Suiza Contacto Correo electr\u00f3nico: info@weltgrundag.com Web: www.weltgrundag.com Ha"},"_breakdance_hide_in_design_set":false,"_breakdance_tags":"","footnotes":""},"class_list":["post-618","page","type-page","status-publish","hentry"],"acf":[],"_links":{"self":[{"href":"https:\/\/weltgrundag.com\/es\/wp-json\/wp\/v2\/pages\/618","targetHints":{"allow":["GET"]}}],"collection":[{"href":"https:\/\/weltgrundag.com\/es\/wp-json\/wp\/v2\/pages"}],"about":[{"href":"https:\/\/weltgrundag.com\/es\/wp-json\/wp\/v2\/types\/page"}],"author":[{"embeddable":true,"href":"https:\/\/weltgrundag.com\/es\/wp-json\/wp\/v2\/users\/1"}],"replies":[{"embeddable":true,"href":"https:\/\/weltgrundag.com\/es\/wp-json\/wp\/v2\/comments?post=618"}],"version-history":[{"count":15,"href":"https:\/\/weltgrundag.com\/es\/wp-json\/wp\/v2\/pages\/618\/revisions"}],"predecessor-version":[{"id":865,"href":"https:\/\/weltgrundag.com\/es\/wp-json\/wp\/v2\/pages\/618\/revisions\/865"}],"wp:attachment":[{"href":"https:\/\/weltgrundag.com\/es\/wp-json\/wp\/v2\/media?parent=618"}],"curies":[{"name":"wp","href":"https:\/\/api.w.org\/{rel}","templated":true}]}}