{"id":624,"date":"2025-12-10T11:17:38","date_gmt":"2025-12-10T10:17:38","guid":{"rendered":"https:\/\/dev.weltgrundag.com\/?page_id=624"},"modified":"2025-12-13T22:34:36","modified_gmt":"2025-12-13T21:34:36","slug":"declaracion-de-proteccion-de-datos","status":"publish","type":"page","link":"https:\/\/weltgrundag.com\/es\/declaracion-de-proteccion-de-datos\/","title":{"rendered":"Pol\u00edtica de privacidad"},"content":{"rendered":"<section id=\"das_naturparadies\" class=\"bde-section-624-100 bde-section\">\n  \n  \n\t\n\n\n\n<div class=\"section-container\"><div class=\"bde-div-624-101 bde-div wrapper-spacer\">\n  \n  \n\t\n\n\n\n<div class=\"bde-div-624-102 bde-div wrapper_heading\">\n  \n  \n\t\n\n\n\n<h2 class=\"bde-heading-624-103 bde-heading\">\nwww.weltgrundag.com\n<\/h2><h1 class=\"bde-heading-624-115 bde-heading\">\nPol\u00edtica de privacidad\n<\/h1>\n<\/div><div class=\"bde-div-624-114 bde-div\">\n  \n  \n\t\n\n\n\n<div class=\"bde-rich-text-624-105 bde-rich-text breakdance-rich-text-styles\">\n<h3>1. Organismo responsable<\/h3>\n<p class=\"p1\">Weltgrund AG<br \/>Calle Lerzen 24<br \/>8953 Dietikon<br \/>Suiza<\/p>\n<p class=\"p2\">Correo electr\u00f3nico: info@weltgrundag.com<br \/>Tel\u00e9fono: +56 994 557 061<\/p>\n<p>\u00a0<\/p>\n<h3 class=\"p3\">2. Recopilaci\u00f3n y tratamiento de datos<\/h3>\n<p class=\"p3\">Procesamos los datos personales que nos env\u00eda de forma voluntaria (por ejemplo, a trav\u00e9s de un formulario de contacto o por correo electr\u00f3nico). Estos datos se utilizan exclusivamente para tramitar su solicitud.<\/p>\n<p>\u00a0<\/p>\n<h3 class=\"p3\">3. Archivos de registro del servidor<\/h3>\n<p class=\"p3\">Al visitar este sitio web, Infomaniak (Suiza) recopila autom\u00e1ticamente datos t\u00e9cnicos de uso y los almacena en archivos de registro. Estos incluyen:<\/p>\n<ul>\n<li>\n<p class=\"p1\">direcci\u00f3n IP<\/p>\n<\/li>\n<li>\n<p class=\"p1\">Fecha y hora del acceso<\/p>\n<\/li>\n<li>\n<p class=\"p1\">p\u00e1gina o archivo solicitado<\/p>\n<\/li>\n<li>\n<p class=\"p1\">cantidad de datos transferidos<\/p>\n<\/li>\n<li>\n<p class=\"p1\">Tipo y versi\u00f3n del navegador<\/p>\n<\/li>\n<li>\n<p class=\"p1\">URL de origen (referente)<\/p>\n<\/li>\n<\/ul>\n<p class=\"p3\">Infomaniak almacena los \u00faltimos 500 eventos de acceso o de error durante un m\u00e1ximo de <span class=\"s2\">10 d\u00edas<\/span>. El almacenamiento se realiza con el fin de garantizar el funcionamiento t\u00e9cnico y detectar errores.<\/p>\n<p>\u00a0<\/p>\n<h3>4. Cookies<\/h3>\n<p class=\"p3\">Este sitio web utiliza <span class=\"s2\">Cookies exclusivamente necesarias desde el punto de vista t\u00e9cnico<\/span>, necesarios para el funcionamiento de la p\u00e1gina. No se <span class=\"s2\">Sin cookies de seguimiento ni de marketing.<\/span> utilizado.<\/p>\n<p class=\"p1\">\u00a0<\/p>\n<h3>5. An\u00e1lisis<\/h3>\n<p class=\"p3\">Utilizamos <span class=\"s2\">Estad\u00edsticas de r\u00e1fagas<\/span>, un servicio operado localmente, <span class=\"s2\">Sin cookies y an\u00f3nimo<\/span> Herramienta de estad\u00edsticas.<br \/>No se almacenan datos personales ni se transmiten datos a terceros.<\/p>\n<p class=\"p1\">\u00a0<\/p>\n<h3>6. Servicios externos<\/h3>\n<p class=\"p3\">Este sitio web incluye un mapa interactivo basado en Leaflet y datos cartogr\u00e1ficos de Tracestrack. Al cargar el mapa, se env\u00edan solicitudes HTTP t\u00e9cnicamente necesarias a los servidores de Tracestrack (Jap\u00f3n), lo que implica la transmisi\u00f3n de la direcci\u00f3n IP. Sin embargo, no se instalan cookies ni se almacenan datos personales. <br \/>Todo el contenido (incluidas las fuentes web y los scripts) se aloja localmente. No se integran servicios externos, CDN, complementos de redes sociales, fuentes de Google ni herramientas similares.<\/p>\n<p class=\"p1\">\u00a0<\/p>\n<h3>7. Almacenamiento<\/h3>\n<p class=\"p3\">Solo almacenamos datos personales durante el tiempo necesario para tramitar una solicitud o durante el tiempo que nos exija la ley.<\/p>\n<p>\u00a0<\/p>\n<h3>8. Sus derechos<\/h3>\n<p class=\"p3\">En virtud de la Ley suiza de protecci\u00f3n de datos, usted tiene derecho a obtener informaci\u00f3n, rectificar, eliminar y divulgar sus datos personales.<\/p>\n<p class=\"p3\">Para cualquier consulta, dir\u00edjase a la direcci\u00f3n de contacto indicada anteriormente.<\/p>\n<p>\u00a0<\/p>\n<h3>9. Actualizaci\u00f3n<\/h3>\n<p class=\"p3\">Esta pol\u00edtica de privacidad puede modificarse seg\u00fan sea necesario.<\/p>\n<\/div><div class=\"bde-shortcode-624-113 bde-shortcode\"><\/div>\n<\/div>\n<\/div><\/div>\n<\/section>","protected":false},"excerpt":{"rendered":"<p>www.weltgrundag.com Datenschutzerkl\u00e4rung 1. Verantwortliche Stelle Weltgrund AGLerzenstrasse 248953 DietikonSchweiz E-Mail: info@weltgrundag.comTelefon: +56 994 557 061 \u00a0 2. Erhebung und Verarbeitung von Daten Wir verarbeiten personenbezogene Daten, die Sie uns freiwillig \u00fcbermitteln (z. B. \u00fcber ein Kontaktformular oder per E-Mail). Diese Daten werden ausschliesslich zur Bearbeitung Ihrer Anfrage verwendet. \u00a0 3. Server-Logfiles Beim Besuch dieser Website [&hellip;]<\/p>","protected":false},"author":1,"featured_media":0,"parent":0,"menu_order":0,"comment_status":"closed","ping_status":"closed","template":"","meta":{"_acf_changed":false,"slim_seo":{"noindex":"1","title":"Datenschutzerkl\u00e4rung - Fundo Laguna Blanca","description":"www.weltgrundag.com Declaraci\u00f3n de privacidad 1. Entidad responsable Weltgrund AG Lerzenstrasse 24 8953 Dietikon Suiza Correo electr\u00f3nico: info@weltgrundag.com Tel\u00e9fono: +56"},"_breakdance_hide_in_design_set":false,"_breakdance_tags":"","footnotes":""},"class_list":["post-624","page","type-page","status-publish","hentry"],"acf":[],"_links":{"self":[{"href":"https:\/\/weltgrundag.com\/es\/wp-json\/wp\/v2\/pages\/624","targetHints":{"allow":["GET"]}}],"collection":[{"href":"https:\/\/weltgrundag.com\/es\/wp-json\/wp\/v2\/pages"}],"about":[{"href":"https:\/\/weltgrundag.com\/es\/wp-json\/wp\/v2\/types\/page"}],"author":[{"embeddable":true,"href":"https:\/\/weltgrundag.com\/es\/wp-json\/wp\/v2\/users\/1"}],"replies":[{"embeddable":true,"href":"https:\/\/weltgrundag.com\/es\/wp-json\/wp\/v2\/comments?post=624"}],"version-history":[{"count":11,"href":"https:\/\/weltgrundag.com\/es\/wp-json\/wp\/v2\/pages\/624\/revisions"}],"predecessor-version":[{"id":809,"href":"https:\/\/weltgrundag.com\/es\/wp-json\/wp\/v2\/pages\/624\/revisions\/809"}],"wp:attachment":[{"href":"https:\/\/weltgrundag.com\/es\/wp-json\/wp\/v2\/media?parent=624"}],"curies":[{"name":"wp","href":"https:\/\/api.w.org\/{rel}","templated":true}]}}